{"id":361,"date":"2021-06-07T21:04:42","date_gmt":"2021-06-07T19:04:42","guid":{"rendered":"https:\/\/geaninacalin.com\/?page_id=361"},"modified":"2025-04-25T19:50:23","modified_gmt":"2025-04-25T17:50:23","slug":"cambios-y-devoluciones","status":"publish","type":"page","link":"https:\/\/geaninacalin.com\/en\/cambios-y-devoluciones\/","title":{"rendered":"Shipping, exchanges and returns"},"content":{"rendered":"<div data-elementor-type=\"wp-page\" data-elementor-id=\"361\" class=\"elementor elementor-361\">\n\t\t\t\t\t\t<section class=\"elementor-section elementor-top-section elementor-element elementor-element-589f9f0 elementor-section-boxed elementor-section-height-default elementor-section-height-default\" data-id=\"589f9f0\" data-element_type=\"section\" data-e-type=\"section\">\n\t\t\t\t\t\t<div class=\"elementor-container elementor-column-gap-default\">\n\t\t\t\t\t<div class=\"elementor-column elementor-col-100 elementor-top-column elementor-element elementor-element-730e12b9\" data-id=\"730e12b9\" data-element_type=\"column\" data-e-type=\"column\">\n\t\t\t<div class=\"elementor-widget-wrap elementor-element-populated\">\n\t\t\t\t\t\t<div class=\"elementor-element elementor-element-151e9390 elementor-widget elementor-widget-text-editor\" data-id=\"151e9390\" data-element_type=\"widget\" data-e-type=\"widget\" data-widget_type=\"text-editor.default\">\n\t\t\t\t<div class=\"elementor-widget-container\">\n\t\t\t\t\t\t\t\t\t<p><strong>SHIPPING<\/strong><\/p>\n<p><!-- \/wp:heading --><!-- wp:paragraph --><\/p>\n<p>Deliveries made in Spain will have a delivery time of 24 to 72 working hours, except for the Canary Islands, Ceuta and Melilla, which could take up to 6 working days. In Europe, the delivery time is 2 to 5 working days.<\/p>\n<p><!-- \/wp:paragraph --><!-- wp:paragraph --><\/p>\n<p>For the rest of the world, orders are delivered within 10 working days.<\/p>\n<p>All shipments are free of charge, except for customs charges, which are to be paid by the buyer.<\/p>\n<p><!-- \/wp:paragraph --><!-- wp:heading --><\/p>\n<p><strong>RETURNS AND EXCHANGES<\/strong><\/p>\n<p><!-- \/wp:heading --><!-- wp:paragraph --><\/p>\n<p>If you are not satisfied with your purchase we accept exchanges and returns within a maximum period of 15 calendar days from the date of delivery of your order, provided that the product is in the same condition in which it was received, ie without having been used and with the packaging as you received it.<\/p>\n<p><!-- \/wp:paragraph --><!-- wp:paragraph --><\/p>\n<p>If you want to exchange a product, you will have to return the product first and then proceed to buy the desired product.<\/p>\n<p><!-- \/wp:paragraph --><!-- wp:paragraph --><\/p>\n<p>We will only refund the amount of the product, never the return costs incurred by the customer.\u00a0<\/p>\n<p><!-- \/wp:paragraph --><!-- wp:paragraph --><\/p>\n<p>To make the return you must follow the following steps: contact info@geaninacalin.com and we will tell you how to proceed with the return.<\/p>\n<p><!-- \/wp:paragraph --><!-- wp:paragraph --><\/p>\n<p>For the return to be valid, the package must arrive at our warehouse within 15 days of delivery.\u00a0<\/p>\n<p><strong>WARRANTY<\/strong><\/p>\n<p><!-- \/wp:heading --><!-- wp:paragraph --><\/p>\n<p>Our products are guaranteed for three months from the date of delivery of the order. Within these, if your product suffers a breakage due to a manufacturing defect, it will be exchanged for another one.<\/p>\n<p><!-- \/wp:paragraph --><\/p>\t\t\t\t\t\t\t\t<\/div>\n\t\t\t\t<\/div>\n\t\t\t\t\t<\/div>\n\t\t<\/div>\n\t\t\t\t\t<\/div>\n\t\t<\/section>\n\t\t\t\t<section class=\"elementor-section elementor-top-section elementor-element elementor-element-6dff192 elementor-section-boxed elementor-section-height-default elementor-section-height-default\" data-id=\"6dff192\" data-element_type=\"section\" data-e-type=\"section\">\n\t\t\t\t\t\t<div class=\"elementor-container elementor-column-gap-default\">\n\t\t\t\t\t<div class=\"elementor-column elementor-col-100 elementor-top-column elementor-element elementor-element-8835fc9\" data-id=\"8835fc9\" data-element_type=\"column\" data-e-type=\"column\">\n\t\t\t<div class=\"elementor-widget-wrap elementor-element-populated\">\n\t\t\t\t\t\t\t<\/div>\n\t\t<\/div>\n\t\t\t\t\t<\/div>\n\t\t<\/section>\n\t\t\t\t<\/div>","protected":false},"excerpt":{"rendered":"<p>ENV\u00cdOS Los env\u00edos realizados en Espa\u00f1a tendr\u00e1n un plazo de entrega de 24 a 72 horas laborables, exceptuando Canarias, Ceuta y Melilla, que podr\u00edan tardar hasta 6 d\u00edas laborables. En Europa, el plazo de entrega es de 2 a 5 d\u00edas laborables. Para el resto del mundo, la entrega de los pedidos tiene un plazo [&hellip;]<\/p>\n","protected":false},"author":1,"featured_media":0,"parent":0,"menu_order":0,"comment_status":"closed","ping_status":"closed","template":"","meta":{"site-sidebar-layout":"default","site-content-layout":"default","ast-site-content-layout":"default","site-content-style":"default","site-sidebar-style":"default","ast-global-header-display":"","ast-banner-title-visibility":"","ast-main-header-display":"","ast-hfb-above-header-display":"","ast-hfb-below-header-display":"","ast-hfb-mobile-header-display":"","site-post-title":"","ast-breadcrumbs-content":"","ast-featured-img":"","footer-sml-layout":"","ast-disable-related-posts":"","theme-transparent-header-meta":"default","adv-header-id-meta":"","stick-header-meta":"","header-above-stick-meta":"","header-main-stick-meta":"","header-below-stick-meta":"","astra-migrate-meta-layouts":"default","ast-page-background-enabled":"default","ast-page-background-meta":{"desktop":{"background-color":"","background-image":"","background-repeat":"repeat","background-position":"center center","background-size":"auto","background-attachment":"scroll","background-type":"","background-media":"","overlay-type":"","overlay-color":"","overlay-opacity":"","overlay-gradient":""},"tablet":{"background-color":"","background-image":"","background-repeat":"repeat","background-position":"center center","background-size":"auto","background-attachment":"scroll","background-type":"","background-media":"","overlay-type":"","overlay-color":"","overlay-opacity":"","overlay-gradient":""},"mobile":{"background-color":"","background-image":"","background-repeat":"repeat","background-position":"center center","background-size":"auto","background-attachment":"scroll","background-type":"","background-media":"","overlay-type":"","overlay-color":"","overlay-opacity":"","overlay-gradient":""}},"ast-content-background-meta":{"desktop":{"background-color":"var(--ast-global-color-5)","background-image":"","background-repeat":"repeat","background-position":"center center","background-size":"auto","background-attachment":"scroll","background-type":"","background-media":"","overlay-type":"","overlay-color":"","overlay-opacity":"","overlay-gradient":""},"tablet":{"background-color":"var(--ast-global-color-5)","background-image":"","background-repeat":"repeat","background-position":"center center","background-size":"auto","background-attachment":"scroll","background-type":"","background-media":"","overlay-type":"","overlay-color":"","overlay-opacity":"","overlay-gradient":""},"mobile":{"background-color":"var(--ast-global-color-5)","background-image":"","background-repeat":"repeat","background-position":"center center","background-size":"auto","background-attachment":"scroll","background-type":"","background-media":"","overlay-type":"","overlay-color":"","overlay-opacity":"","overlay-gradient":""}},"footnotes":""},"class_list":["post-361","page","type-page","status-publish","hentry"],"_links":{"self":[{"href":"https:\/\/geaninacalin.com\/en\/wp-json\/wp\/v2\/pages\/361","targetHints":{"allow":["GET"]}}],"collection":[{"href":"https:\/\/geaninacalin.com\/en\/wp-json\/wp\/v2\/pages"}],"about":[{"href":"https:\/\/geaninacalin.com\/en\/wp-json\/wp\/v2\/types\/page"}],"author":[{"embeddable":true,"href":"https:\/\/geaninacalin.com\/en\/wp-json\/wp\/v2\/users\/1"}],"replies":[{"embeddable":true,"href":"https:\/\/geaninacalin.com\/en\/wp-json\/wp\/v2\/comments?post=361"}],"version-history":[{"count":35,"href":"https:\/\/geaninacalin.com\/en\/wp-json\/wp\/v2\/pages\/361\/revisions"}],"predecessor-version":[{"id":1371,"href":"https:\/\/geaninacalin.com\/en\/wp-json\/wp\/v2\/pages\/361\/revisions\/1371"}],"wp:attachment":[{"href":"https:\/\/geaninacalin.com\/en\/wp-json\/wp\/v2\/media?parent=361"}],"curies":[{"name":"wp","href":"https:\/\/api.w.org\/{rel}","templated":true}]}}